{"id":1106,"date":"2022-06-29T22:21:46","date_gmt":"2022-06-29T20:21:46","guid":{"rendered":"https:\/\/mpsoins.be\/?page_id=1106"},"modified":"2023-02-13T15:49:04","modified_gmt":"2023-02-13T14:49:04","slug":"dialyse-a-domicile","status":"publish","type":"page","link":"https:\/\/mpsoins.be\/?page_id=1106","title":{"rendered":"Dialyse \u00e0 domicile"},"content":{"rendered":"<div class=\"fusion-fullwidth fullwidth-box fusion-builder-row-1 fusion-flex-container has-pattern-background has-mask-background nonhundred-percent-fullwidth non-hundred-percent-height-scrolling\" style=\"background-color: rgba(255,255,255,0);background-position: center center;background-repeat: no-repeat;border-width: 0px 0px 0px 0px;border-color:var(--awb-color3);border-style:solid;\" ><div class=\"fusion-builder-row fusion-row fusion-flex-align-items-flex-start\" style=\"max-width:1216.8px;margin-left: calc(-4% \/ 2 );margin-right: calc(-4% \/ 2 );\"><div class=\"fusion-layout-column fusion_builder_column fusion-builder-column-0 fusion_builder_column_1_1 1_1 fusion-flex-column\"><div class=\"fusion-column-wrapper fusion-flex-justify-content-flex-start fusion-content-layout-column\" style=\"background-position:left top;background-repeat:no-repeat;-webkit-background-size:cover;-moz-background-size:cover;-o-background-size:cover;background-size:cover;padding: 0px 0px 0px 0px;\"><div class=\"fusion-text fusion-text-1\" style=\"line-height:1.4;\"><h2>Certains patients souhaitent faire leur dialyse \u00e0 domicile. Cela n\u00e9cessite bien entendu un \u00e9quipement sp\u00e9cifique et un certain niveau d\u2019autonomie du patient.<\/h2>\n<ul>\n<li>Dans quels cas la dialyse \u00e0 domicile est-elle possible ?<\/li>\n<li>Comment se d\u00e9roule une dialyse \u00e0 domicile ?<\/li>\n<li>Qui g\u00e8re cette la dialyse \u00e0 domicile ?<\/li>\n<\/ul>\n<\/div><\/div><style type=\"text\/css\">.fusion-body .fusion-builder-column-0{width:100% !important;margin-top : 0px;margin-bottom : 30px;}.fusion-builder-column-0 > .fusion-column-wrapper {padding-top : 0px !important;padding-right : 0px !important;margin-right : 1.92%;padding-bottom : 0px !important;padding-left : 0px !important;margin-left : 1.92%;}@media only screen and (max-width:1024px) {.fusion-body .fusion-builder-column-0{width:100% !important;order : 0;}.fusion-builder-column-0 > .fusion-column-wrapper {margin-right : 1.92%;margin-left : 1.92%;}}@media only screen and (max-width:640px) {.fusion-body .fusion-builder-column-0{width:100% !important;order : 0;}.fusion-builder-column-0 > .fusion-column-wrapper {margin-right : 1.92%;margin-left : 1.92%;}}<\/style><\/div><div class=\"fusion-layout-column fusion_builder_column fusion-builder-column-1 fusion_builder_column_1_1 1_1 fusion-flex-column\"><div class=\"fusion-column-wrapper fusion-flex-justify-content-flex-start fusion-content-layout-column\" style=\"background-position:left top;background-repeat:no-repeat;-webkit-background-size:cover;-moz-background-size:cover;-o-background-size:cover;background-size:cover;padding: 0px 0px 0px 0px;\"><div class=\"fusion-text fusion-text-2\" style=\"line-height:1.4;\"><h3><b>Marjorie Infirmi\u00e8re gradu\u00e9e, anciennement cheffe du service dialyse de l&rsquo;hopital&#8230;&#8230;&#8230;&#8230;. r\u00e9pond \u00e0 ces questions.<\/b><\/h3>\n<\/div><\/div><style type=\"text\/css\">.fusion-body .fusion-builder-column-1{width:100% !important;margin-top : 0px;margin-bottom : 30px;}.fusion-builder-column-1 > .fusion-column-wrapper {padding-top : 0px !important;padding-right : 0px !important;margin-right : 1.92%;padding-bottom : 0px !important;padding-left : 0px !important;margin-left : 1.92%;}@media only screen and (max-width:1024px) {.fusion-body .fusion-builder-column-1{width:100% !important;order : 0;}.fusion-builder-column-1 > .fusion-column-wrapper {margin-right : 1.92%;margin-left : 1.92%;}}@media only screen and (max-width:640px) {.fusion-body .fusion-builder-column-1{width:100% !important;order : 0;}.fusion-builder-column-1 > .fusion-column-wrapper {margin-right : 1.92%;margin-left : 1.92%;}}<\/style><\/div><div class=\"fusion-layout-column fusion_builder_column fusion-builder-column-2 fusion_builder_column_1_1 1_1 fusion-flex-column\"><div class=\"fusion-column-wrapper fusion-flex-justify-content-flex-start fusion-content-layout-column\" style=\"background-position:left top;background-repeat:no-repeat;-webkit-background-size:cover;-moz-background-size:cover;-o-background-size:cover;background-size:cover;padding: 0px 0px 0px 0px;\"><div class=\"fusion-text fusion-text-3\" style=\"line-height:1.4;\"><h3>Quand une dialyse \u00e0 domicile est elle possible?<\/h3>\n<p>La dialyse s\u2019adresse aux personnes qui souffre d\u2019une insuffisance r\u00e9nale. Ce traitement est pour beaucoup de patient une contrainte qui les oblige \u00e0 se d\u00e9placer pour des s\u00e9ances particuli\u00e8rement longues, raison pour laquelle certains patients pr\u00e9f\u00e8rent privil\u00e9gier la <b>dialyse \u00e0 domicile<\/b>. Mais attention, cela n\u2019est possible que dans certains cas. Le patient doit \u00eatre un minimum autonome et se faire accompagner. C&rsquo;est pourquoi MP-Soins propose une assistance aux patients d\u00e9sireux de faire leur <b>dialyse \u00e0 domicile<\/b>. afin d&rsquo;\u00e9viter toute complication. <\/p>\n<h3>Commet se d\u00e9roule une dialyse \u00e0 domicile ?<\/h3>\n<p>Il existe deux mani\u00e8res de pratiquer la <b>dialyse \u00e0 domicile<\/b> : l\u2019<strong>h\u00e9modialyse<\/strong> et la <strong>dialyse p\u00e9riton\u00e9ale<\/strong>. La premi\u00e8re solution consiste \u00e0 apporter au domicile du patient une machine, le principe est le m\u00eame que dans un centre puisqu\u2019il s\u2019agit de filtrer le sang \u00e0 l\u2019ext\u00e9rieur du corps du patient. La dialyse p\u00e9riton\u00e9ale, quant \u00e0 elle, est une pratique qui consiste \u00e0 injecter une solution qui sera ensuite \u00e9vacu\u00e9e. Bien s\u00fbr, dans le cadre d\u2019une <b>dialyse \u00e0 domicile<\/b>, le corps m\u00e9dical assure un suivi r\u00e9gulier du patient. Aujourd\u2019hui, autour de 10% seulement des patients b\u00e9n\u00e9ficient de la dialyse \u00e0 domicile. Pourtant, la dialyse p\u00e9riton\u00e9ale est encourag\u00e9e par l\u2019Assurance Maladie qui voit ici une mani\u00e8re de r\u00e9aliser des \u00e9conomies, qui repr\u00e9sente environ une centaine d\u2019euros par s\u00e9ance.<\/p>\n<h3>\u00c0 qui s\u2019adresser pour une dialyse \u00e0 domicile ?<\/h3>\n<p>Il faut introduire une demande aupr\u00e8s de son m\u00e9decin qui relaiera celle-ci aupr\u00e8s d\u2019un centre sp\u00e9cialis\u00e9. Apr\u00e8s acception, un technicien intervient \u00e0 domicile pour installer la machine dans le cadre d\u2019une <strong>h\u00e9modialyse<\/strong>. Cette machine n\u2019est pas indispensable si vous optez pour la dialyse p\u00e9riton\u00e9ale. Pour une<strong> <b>dialyse \u00e0 domicile<\/b><\/strong> avec une machine, vous devez soit suivre une formation d\u2019 environ un mois pour pouvoir vous en servir correctement ou vous faire assister par une infirmi\u00e8re sp\u00e9cialis\u00e9e de MP-Soins. Ensuite tous les 2 \u00e0 3 mois maximum, la n\u00e9phrologie v\u00e9rifie les bilans biologiques pour s\u2019assurer que le dosage de la dialyse est toujours coh\u00e9rent.<\/p>\n<\/div><\/div><style type=\"text\/css\">.fusion-body .fusion-builder-column-2{width:100% !important;margin-top : 0px;margin-bottom : 30px;}.fusion-builder-column-2 > .fusion-column-wrapper {padding-top : 0px !important;padding-right : 0px !important;margin-right : 1.92%;padding-bottom : 0px !important;padding-left : 0px !important;margin-left : 1.92%;}@media only screen and (max-width:1024px) {.fusion-body .fusion-builder-column-2{width:100% !important;order : 0;}.fusion-builder-column-2 > .fusion-column-wrapper {margin-right : 1.92%;margin-left : 1.92%;}}@media only screen and (max-width:640px) {.fusion-body .fusion-builder-column-2{width:100% !important;order : 0;}.fusion-builder-column-2 > .fusion-column-wrapper {margin-right : 1.92%;margin-left : 1.92%;}}<\/style><\/div><\/div><style type=\"text\/css\">.fusion-body .fusion-flex-container.fusion-builder-row-1{ padding-top : 0px;margin-top : 0px;padding-right : 0px;padding-bottom : 0px;margin-bottom : 0px;padding-left : 0px;}<\/style><\/div>\n","protected":false},"excerpt":{"rendered":"","protected":false},"author":1,"featured_media":0,"parent":0,"menu_order":0,"comment_status":"closed","ping_status":"closed","template":"","meta":{"content-type":""},"yoast_head":"<!-- This site is optimized with the Yoast SEO plugin v19.8 - https:\/\/yoast.com\/wordpress\/plugins\/seo\/ -->\n<title>Dialyse \u00e0 domicile - MP Soins<\/title>\n<meta name=\"robots\" content=\"index, follow, max-snippet:-1, max-image-preview:large, max-video-preview:-1\" \/>\n<link rel=\"canonical\" href=\"https:\/\/mpsoins.be\/?page_id=1106\" \/>\n<meta property=\"og:locale\" content=\"fr_FR\" \/>\n<meta property=\"og:type\" content=\"article\" \/>\n<meta property=\"og:title\" content=\"Dialyse \u00e0 domicile - MP Soins\" \/>\n<meta property=\"og:url\" content=\"https:\/\/mpsoins.be\/?page_id=1106\" \/>\n<meta property=\"og:site_name\" content=\"MP Soins\" \/>\n<meta property=\"article:modified_time\" content=\"2023-02-13T14:49:04+00:00\" \/>\n<meta name=\"twitter:card\" content=\"summary_large_image\" \/>\n<meta name=\"twitter:label1\" content=\"Dur\u00e9e de lecture estim\u00e9e\" \/>\n\t<meta name=\"twitter:data1\" content=\"7 minutes\" \/>\n<script type=\"application\/ld+json\" class=\"yoast-schema-graph\">{\"@context\":\"https:\/\/schema.org\",\"@graph\":[{\"@type\":\"WebPage\",\"@id\":\"https:\/\/mpsoins.be\/?page_id=1106\",\"url\":\"https:\/\/mpsoins.be\/?page_id=1106\",\"name\":\"Dialyse \u00e0 domicile - MP Soins\",\"isPartOf\":{\"@id\":\"https:\/\/mpsoins.be\/#website\"},\"datePublished\":\"2022-06-29T20:21:46+00:00\",\"dateModified\":\"2023-02-13T14:49:04+00:00\",\"breadcrumb\":{\"@id\":\"https:\/\/mpsoins.be\/?page_id=1106#breadcrumb\"},\"inLanguage\":\"fr-FR\",\"potentialAction\":[{\"@type\":\"ReadAction\",\"target\":[\"https:\/\/mpsoins.be\/?page_id=1106\"]}]},{\"@type\":\"BreadcrumbList\",\"@id\":\"https:\/\/mpsoins.be\/?page_id=1106#breadcrumb\",\"itemListElement\":[{\"@type\":\"ListItem\",\"position\":1,\"name\":\"Accueil\",\"item\":\"https:\/\/mpsoins.be\/\"},{\"@type\":\"ListItem\",\"position\":2,\"name\":\"Dialyse \u00e0 domicile\"}]},{\"@type\":\"WebSite\",\"@id\":\"https:\/\/mpsoins.be\/#website\",\"url\":\"https:\/\/mpsoins.be\/\",\"name\":\"MP Soins\",\"description\":\"Soins et Services \u00e0 domicile\",\"potentialAction\":[{\"@type\":\"SearchAction\",\"target\":{\"@type\":\"EntryPoint\",\"urlTemplate\":\"https:\/\/mpsoins.be\/?s={search_term_string}\"},\"query-input\":\"required name=search_term_string\"}],\"inLanguage\":\"fr-FR\"}]}<\/script>\n<!-- \/ Yoast SEO plugin. -->","yoast_head_json":{"title":"Dialyse \u00e0 domicile - MP Soins","robots":{"index":"index","follow":"follow","max-snippet":"max-snippet:-1","max-image-preview":"max-image-preview:large","max-video-preview":"max-video-preview:-1"},"canonical":"https:\/\/mpsoins.be\/?page_id=1106","og_locale":"fr_FR","og_type":"article","og_title":"Dialyse \u00e0 domicile - MP Soins","og_url":"https:\/\/mpsoins.be\/?page_id=1106","og_site_name":"MP Soins","article_modified_time":"2023-02-13T14:49:04+00:00","twitter_card":"summary_large_image","twitter_misc":{"Dur\u00e9e de lecture estim\u00e9e":"7 minutes"},"schema":{"@context":"https:\/\/schema.org","@graph":[{"@type":"WebPage","@id":"https:\/\/mpsoins.be\/?page_id=1106","url":"https:\/\/mpsoins.be\/?page_id=1106","name":"Dialyse \u00e0 domicile - MP Soins","isPartOf":{"@id":"https:\/\/mpsoins.be\/#website"},"datePublished":"2022-06-29T20:21:46+00:00","dateModified":"2023-02-13T14:49:04+00:00","breadcrumb":{"@id":"https:\/\/mpsoins.be\/?page_id=1106#breadcrumb"},"inLanguage":"fr-FR","potentialAction":[{"@type":"ReadAction","target":["https:\/\/mpsoins.be\/?page_id=1106"]}]},{"@type":"BreadcrumbList","@id":"https:\/\/mpsoins.be\/?page_id=1106#breadcrumb","itemListElement":[{"@type":"ListItem","position":1,"name":"Accueil","item":"https:\/\/mpsoins.be\/"},{"@type":"ListItem","position":2,"name":"Dialyse \u00e0 domicile"}]},{"@type":"WebSite","@id":"https:\/\/mpsoins.be\/#website","url":"https:\/\/mpsoins.be\/","name":"MP Soins","description":"Soins et Services \u00e0 domicile","potentialAction":[{"@type":"SearchAction","target":{"@type":"EntryPoint","urlTemplate":"https:\/\/mpsoins.be\/?s={search_term_string}"},"query-input":"required name=search_term_string"}],"inLanguage":"fr-FR"}]}},"_links":{"self":[{"href":"https:\/\/mpsoins.be\/index.php?rest_route=\/wp\/v2\/pages\/1106"}],"collection":[{"href":"https:\/\/mpsoins.be\/index.php?rest_route=\/wp\/v2\/pages"}],"about":[{"href":"https:\/\/mpsoins.be\/index.php?rest_route=\/wp\/v2\/types\/page"}],"author":[{"embeddable":true,"href":"https:\/\/mpsoins.be\/index.php?rest_route=\/wp\/v2\/users\/1"}],"replies":[{"embeddable":true,"href":"https:\/\/mpsoins.be\/index.php?rest_route=%2Fwp%2Fv2%2Fcomments&post=1106"}],"version-history":[{"count":3,"href":"https:\/\/mpsoins.be\/index.php?rest_route=\/wp\/v2\/pages\/1106\/revisions"}],"predecessor-version":[{"id":1376,"href":"https:\/\/mpsoins.be\/index.php?rest_route=\/wp\/v2\/pages\/1106\/revisions\/1376"}],"wp:attachment":[{"href":"https:\/\/mpsoins.be\/index.php?rest_route=%2Fwp%2Fv2%2Fmedia&parent=1106"}],"curies":[{"name":"wp","href":"https:\/\/api.w.org\/{rel}","templated":true}]}}