{"id":1108,"date":"2022-06-29T22:22:06","date_gmt":"2022-06-29T20:22:06","guid":{"rendered":"https:\/\/mpsoins.be\/?page_id=1108"},"modified":"2023-02-13T15:49:54","modified_gmt":"2023-02-13T14:49:54","slug":"chimiotherapie","status":"publish","type":"page","link":"https:\/\/mpsoins.be\/?page_id=1108","title":{"rendered":"Chimioth\u00e9rapie \u00e0 domicile"},"content":{"rendered":"<p><div class=\"fusion-fullwidth fullwidth-box fusion-builder-row-1 fusion-flex-container nonhundred-percent-fullwidth non-hundred-percent-height-scrolling\" style=\"background-color: rgba(255,255,255,0);background-position: center center;background-repeat: no-repeat;border-width: 0px 0px 0px 0px;border-color:var(--awb-color3);border-style:solid;\" ><div class=\"fusion-builder-row fusion-row fusion-flex-align-items-flex-start\" style=\"max-width:1216.8px;margin-left: calc(-4% \/ 2 );margin-right: calc(-4% \/ 2 );\"><div class=\"fusion-layout-column fusion_builder_column fusion-builder-column-0 fusion_builder_column_1_1 1_1 fusion-flex-column\"><div class=\"fusion-column-wrapper fusion-flex-justify-content-flex-start fusion-content-layout-column\" style=\"background-position:left top;background-repeat:no-repeat;-webkit-background-size:cover;-moz-background-size:cover;-o-background-size:cover;background-size:cover;padding: 0px 0px 0px 0px;\"><div class=\"fusion-text fusion-text-1\" style=\"line-height:1.4;\"><h1>La chimioth\u00e9rapie \u00e0 domicile<\/h1>\n<p class=\"leadtext\">De nos jours il est devenu possible dans le cas de certains traitements d&rsquo;avoir sa chimioth\u00e9rapie \u00e0 domicile. De plus en plus de traitements anti-canc\u00e9reux sont aujourd&rsquo;hui disponibles par voie orale et certains types de chimioth\u00e9rapies par voie intraveineuse peuvent \u00eatre \u00e9galement administr\u00e9es \u00e0 domicile.<\/p>\n<p class=\"leadtext\">Lorsque vous \u00eates trait\u00e9 pour un cancer, vous \u00eates contraint(e) de vous rendre r\u00e9guli\u00e8rement en milieu hospitalier sp\u00e9cialis\u00e9, pour vos consultations ou des examens de contr\u00f4le, mais \u00e9galement pour recevoir votre traitement : chimioth\u00e9rapie par voie intraveineuse, radioth\u00e9rapie ou les deux.<\/p>\n<p>Chez MP Soins nous proposons des alternatives qui vous permettent (dans certains cas) <b>de prendre votre traitement \u00e0 domicile<\/b>. Un avantage pour bon nombre de patient<\/p>\n<p>Cela vous permet d&rsquo;\u00e9viter les temps de transport et d\u2019attente, qui sont pour beaucoup de patient, fatigants. Par ailleurs, notre assistance vous permet de rester dans votre environnement personnel et familial, ce qui peut \u00eatre plus r\u00e9confortant. Ceci, tout en restant suivi r\u00e9guli\u00e8rement par son canc\u00e9rologue r\u00e9f\u00e9rent.<\/p>\n<\/div><\/div><style type=\"text\/css\">.fusion-body .fusion-builder-column-0{width:100% !important;margin-top : 0px;margin-bottom : 30px;}.fusion-builder-column-0 > .fusion-column-wrapper {padding-top : 0px !important;padding-right : 0px !important;margin-right : 1.92%;padding-bottom : 0px !important;padding-left : 0px !important;margin-left : 1.92%;}@media only screen and (max-width:1024px) {.fusion-body .fusion-builder-column-0{width:100% !important;}.fusion-builder-column-0 > .fusion-column-wrapper {margin-right : 1.92%;margin-left : 1.92%;}}@media only screen and (max-width:640px) {.fusion-body .fusion-builder-column-0{width:100% !important;}.fusion-builder-column-0 > .fusion-column-wrapper {margin-right : 1.92%;margin-left : 1.92%;}}<\/style><\/div><div class=\"fusion-layout-column fusion_builder_column fusion-builder-column-1 fusion_builder_column_1_1 1_1 fusion-flex-column\"><div class=\"fusion-column-wrapper fusion-flex-justify-content-flex-start fusion-content-layout-column\" style=\"background-position:left top;background-repeat:no-repeat;-webkit-background-size:cover;-moz-background-size:cover;-o-background-size:cover;background-size:cover;padding: 0px 0px 0px 0px;\"><div class=\"fusion-text fusion-text-2\" style=\"line-height:1.4;\"><h2>Les chimioth\u00e9rapies orales<\/h2>\n<p>La proportion de <b>m\u00e9dicaments de chimioth\u00e9rapie <\/b>se pr\u00e9sentant sous forme de comprim\u00e9s ou de g\u00e9lules a augment\u00e9 de mani\u00e8re importante ces derni\u00e8res ann\u00e9es. En effet, de plus en plus de <b>nouvelles th\u00e9rapies contre les cancers <\/b>sont mises au point sous forme orale. <b>Les chimioth\u00e9rapies orales <\/b>actuellement disponibles concernent le traitement de certaines formes de cancer comme :<\/p>\n<ul>\n<li>le cancer de la prostate,<\/li>\n<li>le cancer du sein,<\/li>\n<li>le cancer du c\u00f4lon,<\/li>\n<li>le cancer du poumon,<\/li>\n<li>le my\u00e9lome multiple,<\/li>\n<li>le lymphome non-hodgkinien&#8230;<\/li>\n<\/ul>\n<h3>La facilit\u00e9 de prise du traitement anticanc\u00e9reux<\/h3>\n<p>Le grand int\u00e9r\u00eat de ces m\u00e9dicaments est leur commodit\u00e9 de prise. Ils se prennent \u00e0 domicile, aux jours et heures indiqu\u00e9s par votre m\u00e9decin sur l\u2019ordonnance. Par ailleurs, la plupart de ces m\u00e9dicaments sont aujourd\u2019hui disponibles dans les pharmacies de ville. Il n\u2019est donc m\u00eame plus n\u00e9cessaire de se rendre \u00e0 l\u2019h\u00f4pital pour recevoir les bo\u00eetes de son traitement.<\/p>\n<h3>Une efficacit\u00e9 maintenue<\/h3>\n<p>Une question fr\u00e9quente est de savoir si <b>la chimioth\u00e9rapie orale est aussi efficace que la chimioth\u00e9rapie par voie intraveineuse<\/b>. La r\u00e9ponse est oui, sans \u00e9quivoque. En effet, pour \u00eatre mises \u00e0 la disposition du corps m\u00e9dical, les chimioth\u00e9rapies orales doivent, comme tout m\u00e9dicament, fournir la preuve de leur efficacit\u00e9 et de leur bonne tol\u00e9rance, ceci dans le cadre d\u2019essais cliniques r\u00e9alis\u00e9s chez un grand nombre de malades. Le simple fait que votre m\u00e9decin puisse vous proposer une chimioth\u00e9rapie orale atteste que son efficacit\u00e9 a \u00e9t\u00e9 prouv\u00e9e et que celle-ci est au moins \u00e9quivalente \u00e0 celle des chimioth\u00e9rapies par voie intraveineuse.<\/p>\n<p>Ces chimioth\u00e9rapies peuvent elles aussi avoir des effets ind\u00e9sirables.<\/p>\n<h2>Les chimioth\u00e9rapies intraveineuses \u00e0 domicile<\/h2>\n<p>Lorsque la chimioth\u00e9rapie qui vous a \u00e9t\u00e9 prescrite doit \u00eatre administr\u00e9e par voie intraveineuse, il est parfois possible de la recevoir \u00e0 domicile.<\/p>\n<p><b>La premi\u00e8re cure de chimioth\u00e9rapie <\/b>est le plus souvent administr\u00e9e en milieu hospitalier, afin que l\u2019\u00e9quipe soignante soit en mesure de surveiller \u00e9troitement la fa\u00e7on dont vous tol\u00e9rez les m\u00e9dicaments pendant et juste apr\u00e8s la perfusion, et pour que vous puissiez vous familiariser avec la proc\u00e9dure. Ensuite, il peut \u00eatre envisageable, selon les m\u00e9dicaments qui vous ont \u00e9t\u00e9 prescrits, que vous receviez <b>les cures suivantes \u00e0 votre domicile <\/b>dans le cadre de ce que l\u2019on appelle <b>une hospitalisation \u00e0 domicile (HAD)<\/b>. Celle-ci est uniquement envisageable avec certains m\u00e9dicaments pour lesquels les perfusions sont de courte dur\u00e9e et qui n\u2019exposent pas \u00e0 des risques d\u2019effets ind\u00e9sirables importants.<\/p>\n<p>Il n\u2019existe pas de facteurs excluant <i>a priori <\/i>une HAD, quand elle est possible ; tout d\u00e9pend de votre \u00e9tat de sant\u00e9 et de vos souhaits.<\/p>\n<p>Car, bien entendu, cela ne peut se faire sans votre accord. Il est \u00e9galement n\u00e9cessaire que vous receviez une information compl\u00e8te, orale et \u00e9crite, sur les conditions de r\u00e9alisation du traitement et les contraintes. Il faut savoir que la chimioth\u00e9rapie par voie intraveineuse \u00e0 domicile est soumise \u00e0 des r\u00e8gles pr\u00e9cises, afin que les patients b\u00e9n\u00e9ficient du m\u00eame suivi que s\u2019ils \u00e9taient pris en charge \u00e0 l\u2019h\u00f4pital.<\/p>\n<\/div><\/div><style type=\"text\/css\">.fusion-body .fusion-builder-column-1{width:100% !important;margin-top : 0px;margin-bottom : 30px;}.fusion-builder-column-1 > .fusion-column-wrapper {padding-top : 0px !important;padding-right : 0px !important;margin-right : 1.92%;padding-bottom : 0px !important;padding-left : 0px !important;margin-left : 1.92%;}@media only screen and (max-width:1024px) {.fusion-body .fusion-builder-column-1{width:100% !important;order : 0;}.fusion-builder-column-1 > .fusion-column-wrapper {margin-right : 1.92%;margin-left : 1.92%;}}@media only screen and (max-width:640px) {.fusion-body .fusion-builder-column-1{width:100% !important;order : 0;}.fusion-builder-column-1 > .fusion-column-wrapper {margin-right : 1.92%;margin-left : 1.92%;}}<\/style><\/div><\/div><style type=\"text\/css\">.fusion-body .fusion-flex-container.fusion-builder-row-1{ padding-top : 0px;margin-top : 0px;padding-right : 0px;padding-bottom : 0px;margin-bottom : 0px;padding-left : 0px;}<\/style><\/div><div class=\"fusion-fullwidth fullwidth-box fusion-builder-row-2 fusion-flex-container has-pattern-background has-mask-background nonhundred-percent-fullwidth non-hundred-percent-height-scrolling\" style=\"background-color: rgba(255,255,255,0);background-position: center center;background-repeat: no-repeat;border-width: 0px 0px 0px 0px;border-color:var(--awb-color3);border-style:solid;\" ><div class=\"fusion-builder-row fusion-row fusion-flex-align-items-flex-start\" style=\"max-width:1216.8px;margin-left: calc(-4% \/ 2 );margin-right: calc(-4% \/ 2 );\"><div class=\"fusion-layout-column fusion_builder_column fusion-builder-column-2 fusion_builder_column_1_2 1_2 fusion-flex-column\"><div class=\"fusion-column-wrapper fusion-flex-justify-content-flex-start fusion-content-layout-column\" style=\"background-position:left top;background-repeat:no-repeat;-webkit-background-size:cover;-moz-background-size:cover;-o-background-size:cover;background-size:cover;padding: 0px 0px 0px 0px;\"><div class=\"fusion-text fusion-text-3\"><p><img class=\"lazyload alignnone size-full wp-image-1213\" src=\"https:\/\/mpsoins.be\/wp-content\/uploads\/2022\/07\/chimiotherapie-a-domicile.jpg\" data-orig-src=\"https:\/\/mpsoins.be\/wp-content\/uploads\/2022\/07\/chimiotherapie-a-domicile.jpg\" alt=\"\" width=\"1200\" height=\"800\" srcset=\"data:image\/svg+xml,%3Csvg%20xmlns%3D%27http%3A%2F%2Fwww.w3.org%2F2000%2Fsvg%27%20width%3D%271200%27%20height%3D%27800%27%20viewBox%3D%270%200%201200%20800%27%3E%3Crect%20width%3D%271200%27%20height%3D%27800%27%20fill-opacity%3D%220%22%2F%3E%3C%2Fsvg%3E\" data-srcset=\"https:\/\/mpsoins.be\/wp-content\/uploads\/2022\/07\/chimiotherapie-a-domicile-200x133.jpg 200w, https:\/\/mpsoins.be\/wp-content\/uploads\/2022\/07\/chimiotherapie-a-domicile-300x200.jpg 300w, https:\/\/mpsoins.be\/wp-content\/uploads\/2022\/07\/chimiotherapie-a-domicile-400x267.jpg 400w, https:\/\/mpsoins.be\/wp-content\/uploads\/2022\/07\/chimiotherapie-a-domicile-600x400.jpg 600w, https:\/\/mpsoins.be\/wp-content\/uploads\/2022\/07\/chimiotherapie-a-domicile-768x512.jpg 768w, https:\/\/mpsoins.be\/wp-content\/uploads\/2022\/07\/chimiotherapie-a-domicile-800x533.jpg 800w, https:\/\/mpsoins.be\/wp-content\/uploads\/2022\/07\/chimiotherapie-a-domicile-1024x683.jpg 1024w, https:\/\/mpsoins.be\/wp-content\/uploads\/2022\/07\/chimiotherapie-a-domicile.jpg 1200w\" data-sizes=\"auto\" data-orig-sizes=\"(max-width: 1200px) 100vw, 1200px\" \/><\/p>\n<\/div><\/div><style type=\"text\/css\">.fusion-body .fusion-builder-column-2{width:50% !important;margin-top : 0px;margin-bottom : 30px;}.fusion-builder-column-2 > .fusion-column-wrapper {padding-top : 0px !important;padding-right : 0px !important;margin-right : 3.84%;padding-bottom : 0px !important;padding-left : 0px !important;margin-left : 3.84%;}@media only screen and (max-width:1024px) {.fusion-body .fusion-builder-column-2{width:100% !important;order : 0;}.fusion-builder-column-2 > .fusion-column-wrapper {margin-right : 1.92%;margin-left : 1.92%;}}@media only screen and (max-width:640px) {.fusion-body .fusion-builder-column-2{width:100% !important;order : 0;}.fusion-builder-column-2 > .fusion-column-wrapper {margin-right : 1.92%;margin-left : 1.92%;}}<\/style><\/div><div class=\"fusion-layout-column fusion_builder_column fusion-builder-column-3 fusion_builder_column_1_2 1_2 fusion-flex-column\"><div class=\"fusion-column-wrapper fusion-flex-justify-content-flex-start fusion-content-layout-column\" style=\"background-position:left top;background-repeat:no-repeat;-webkit-background-size:cover;-moz-background-size:cover;-o-background-size:cover;background-size:cover;padding: 0px 0px 0px 0px;\"><div class=\"fusion-text fusion-text-4\" style=\"line-height:1.4;\"><h3>Les diff\u00e9rents intervenants de l\u2019hospitalisation \u00e0 domicile<\/h3>\n<p>Dans le cadre d\u2019une HAD, vous \u00eates au c\u0153ur d\u2019un dispositif qui inclut <b>un r\u00e9seau de soins \u00e0 domicile :<\/b><\/p>\n<ul>\n<li>l\u2019\u00e9quipe hospitali\u00e8re,<\/li>\n<li>votre m\u00e9decin g\u00e9n\u00e9raliste habituel,<\/li>\n<li>votre pharmacien d\u2019officine habituel,<\/li>\n<li>un(e) infirmier(e) dipl\u00f4m\u00e9(e) d\u2019\u00e9tat (IDE),<\/li>\n<li>ainsi que tout professionnel de sant\u00e9 dont vous pourriez avoir besoin (kin\u00e9sith\u00e9rapeute&#8230;).<\/li>\n<\/ul>\n<\/div><\/div><style type=\"text\/css\">.fusion-body .fusion-builder-column-3{width:50% !important;margin-top : 0px;margin-bottom : 30px;}.fusion-builder-column-3 > .fusion-column-wrapper {padding-top : 0px !important;padding-right : 0px !important;margin-right : 3.84%;padding-bottom : 0px !important;padding-left : 0px !important;margin-left : 3.84%;}@media only screen and (max-width:1024px) {.fusion-body .fusion-builder-column-3{width:100% !important;order : 0;}.fusion-builder-column-3 > .fusion-column-wrapper {margin-right : 1.92%;margin-left : 1.92%;}}@media only screen and (max-width:640px) {.fusion-body .fusion-builder-column-3{width:100% !important;order : 0;}.fusion-builder-column-3 > .fusion-column-wrapper {margin-right : 1.92%;margin-left : 1.92%;}}<\/style><\/div><\/div><style type=\"text\/css\">.fusion-body .fusion-flex-container.fusion-builder-row-2{ padding-top : 0px;margin-top : 0px;padding-right : 0px;padding-bottom : 0px;margin-bottom : 0px;padding-left : 0px;}<\/style><\/div><div class=\"fusion-fullwidth fullwidth-box fusion-builder-row-3 fusion-flex-container has-pattern-background has-mask-background nonhundred-percent-fullwidth non-hundred-percent-height-scrolling\" style=\"background-color: rgba(255,255,255,0);background-position: center center;background-repeat: no-repeat;border-width: 0px 0px 0px 0px;border-color:var(--awb-color3);border-style:solid;\" ><div class=\"fusion-builder-row fusion-row fusion-flex-align-items-flex-start\" style=\"max-width:1216.8px;margin-left: calc(-4% \/ 2 );margin-right: calc(-4% \/ 2 );\"><div class=\"fusion-layout-column fusion_builder_column fusion-builder-column-4 fusion_builder_column_1_1 1_1 fusion-flex-column\"><div class=\"fusion-column-wrapper fusion-flex-justify-content-flex-start fusion-content-layout-column\" style=\"background-position:left top;background-repeat:no-repeat;-webkit-background-size:cover;-moz-background-size:cover;-o-background-size:cover;background-size:cover;padding: 0px 0px 0px 0px;\"><div class=\"fusion-text fusion-text-5\" style=\"line-height:1.4;\"><p>Afin que toutes les informations circulent au mieux, l\u2019\u00e9laboration d\u2019un dossier \u00ab communiquant \u00bb unique, commun et consultable par tous les intervenants \u00e0 votre domicile, est recommand\u00e9e.<\/p>\n<p>Vous \u00eates suivi tout au long de la chimioth\u00e9rapie, avec en permanence la possibilit\u00e9 d\u2019une intervention par un m\u00e9decin ou d\u2019une reprise des cures \u00e0 l\u2019h\u00f4pital, si celle-ci s\u2019av\u00e8re n\u00e9cessaire. Le traitement est administr\u00e9 avec l\u2019aide d\u2019une infirmi\u00e8re form\u00e9e et habilit\u00e9e. Elle se rend \u00e0 votre domicile \u00e0 chaque fois que le traitement le requiert.<\/p>\n<\/div><\/div><style type=\"text\/css\">.fusion-body .fusion-builder-column-4{width:100% !important;margin-top : 0px;margin-bottom : 0px;}.fusion-builder-column-4 > .fusion-column-wrapper {padding-top : 0px !important;padding-right : 0px !important;margin-right : 1.92%;padding-bottom : 0px !important;padding-left : 0px !important;margin-left : 1.92%;}@media only screen and (max-width:1024px) {.fusion-body .fusion-builder-column-4{width:100% !important;order : 0;}.fusion-builder-column-4 > .fusion-column-wrapper {margin-right : 1.92%;margin-left : 1.92%;}}@media only screen and (max-width:640px) {.fusion-body .fusion-builder-column-4{width:100% !important;order : 0;}.fusion-builder-column-4 > .fusion-column-wrapper {margin-right : 1.92%;margin-left : 1.92%;}}<\/style><\/div><\/div><style type=\"text\/css\">.fusion-body .fusion-flex-container.fusion-builder-row-3{ padding-top : 0px;margin-top : 0px;padding-right : 0px;padding-bottom : 0px;margin-bottom : 0px;padding-left : 0px;}<\/style><\/div><div class=\"fusion-fullwidth fullwidth-box fusion-builder-row-4 fusion-flex-container has-pattern-background has-mask-background nonhundred-percent-fullwidth non-hundred-percent-height-scrolling\" style=\"background-color: rgba(255,255,255,0);background-position: center center;background-repeat: no-repeat;border-width: 0px 0px 0px 0px;border-color:var(--awb-color3);border-style:solid;\" ><div class=\"fusion-builder-row fusion-row fusion-flex-align-items-flex-start\" style=\"max-width:1216.8px;margin-left: calc(-4% \/ 2 );margin-right: calc(-4% \/ 2 );\"><div class=\"fusion-layout-column fusion_builder_column fusion-builder-column-5 fusion_builder_column_1_1 1_1 fusion-flex-column\"><div class=\"fusion-column-wrapper fusion-flex-justify-content-flex-start fusion-content-layout-column\" style=\"background-position:left top;background-repeat:no-repeat;-webkit-background-size:cover;-moz-background-size:cover;-o-background-size:cover;background-size:cover;padding: 0px 0px 0px 0px;\"><div class=\"fusion-text fusion-text-6\" style=\"line-height:1.4;\"><h3>Les diff\u00e9rents modes d\u2019administration possibles du traitement<\/h3>\n<p>La chimioth\u00e9rapie peut \u00eatre administr\u00e9e par le biais de perfusions. Dans ce cas, la pose d\u2019un \u00ab\u00a0<b>acc\u00e8s veineux central\u00a0<\/b>\u00bb (cath\u00e9ter \u00e0 \u00e9mergence cutan\u00e9e ou chambre implantable) est n\u00e9cessaire. Le traitement peut \u00e9galement \u00eatre administr\u00e9 gr\u00e2ce \u00e0 un appareil sp\u00e9cifique :\u00a0<b>une pompe \u00e0 perfusion continue ambulatoire<\/b>. Cet appareil peut \u00eatre pr\u00eat\u00e9 ou lou\u00e9 (par des soci\u00e9t\u00e9s sp\u00e9cialis\u00e9es) et est programm\u00e9 \u00e0 l\u2019avance par l\u2019\u00e9quipe hospitali\u00e8re.<\/p>\n<h3>Un suivi r\u00e9gulier<\/h3>\n<p>Le m\u00e9decin traitant assure le suivi du bon d\u00e9roulement de la chimioth\u00e9rapie \u00e0 domicile et g\u00e8re les effets ind\u00e9sirables. Cependant si ces derniers se r\u00e9v\u00e8lent de nature grave, il peut\u00a0<b>engager une proc\u00e9dure de r\u00e9-hospitalisation<\/b>. Il est bien entendu toujours possible de contacter l\u2019\u00e9quipe soignante, pour toute difficult\u00e9, sympt\u00f4me ou complication \u00e9ventuelle.<\/p>\n<p>Enfin, le fait de recevoir sa chimioth\u00e9rapie \u00e0 domicile ne modifie pas les conditions de votre suivi par votre m\u00e9decin oncologue.<\/p>\n<p>Vous continuez de le consulter r\u00e9guli\u00e8rement afin d\u2019<b>\u00e9valuer l\u2019\u00e9volution de votre \u00e9tat de sant\u00e9<\/b>.<\/p>\n<\/div><\/div><style type=\"text\/css\">.fusion-body .fusion-builder-column-5{width:100% !important;margin-top : 0px;margin-bottom : 30px;}.fusion-builder-column-5 > .fusion-column-wrapper {padding-top : 0px !important;padding-right : 0px !important;margin-right : 1.92%;padding-bottom : 0px !important;padding-left : 0px !important;margin-left : 1.92%;}@media only screen and (max-width:1024px) {.fusion-body .fusion-builder-column-5{width:100% !important;order : 0;}.fusion-builder-column-5 > .fusion-column-wrapper {margin-right : 1.92%;margin-left : 1.92%;}}@media only screen and (max-width:640px) {.fusion-body .fusion-builder-column-5{width:100% !important;order : 0;}.fusion-builder-column-5 > .fusion-column-wrapper {margin-right : 1.92%;margin-left : 1.92%;}}<\/style><\/div><\/div><style type=\"text\/css\">.fusion-body .fusion-flex-container.fusion-builder-row-4{ padding-top : 0px;margin-top : 0px;padding-right : 0px;padding-bottom : 0px;margin-bottom : 0px;padding-left : 0px;}<\/style><\/div><\/p>\n","protected":false},"excerpt":{"rendered":"","protected":false},"author":1,"featured_media":0,"parent":0,"menu_order":0,"comment_status":"closed","ping_status":"closed","template":"","meta":{"content-type":""},"yoast_head":"<!-- This site is optimized with the Yoast SEO plugin v19.8 - https:\/\/yoast.com\/wordpress\/plugins\/seo\/ -->\n<title>Chimioth\u00e9rapie \u00e0 domicile - MP Soins<\/title>\n<meta name=\"robots\" content=\"index, follow, max-snippet:-1, max-image-preview:large, max-video-preview:-1\" \/>\n<link rel=\"canonical\" href=\"https:\/\/mpsoins.be\/?page_id=1108\" \/>\n<meta property=\"og:locale\" content=\"fr_FR\" \/>\n<meta property=\"og:type\" content=\"article\" \/>\n<meta property=\"og:title\" content=\"Chimioth\u00e9rapie \u00e0 domicile - MP Soins\" \/>\n<meta property=\"og:url\" content=\"https:\/\/mpsoins.be\/?page_id=1108\" \/>\n<meta property=\"og:site_name\" content=\"MP Soins\" \/>\n<meta property=\"article:modified_time\" content=\"2023-02-13T14:49:54+00:00\" \/>\n<meta property=\"og:image\" content=\"https:\/\/mpsoins.be\/wp-content\/uploads\/2022\/07\/chimiotherapie-a-domicile.jpg\" \/>\n<meta name=\"twitter:card\" content=\"summary_large_image\" \/>\n<meta name=\"twitter:label1\" content=\"Dur\u00e9e de lecture estim\u00e9e\" \/>\n\t<meta name=\"twitter:data1\" content=\"1 minute\" \/>\n<script type=\"application\/ld+json\" class=\"yoast-schema-graph\">{\"@context\":\"https:\/\/schema.org\",\"@graph\":[{\"@type\":\"WebPage\",\"@id\":\"https:\/\/mpsoins.be\/?page_id=1108\",\"url\":\"https:\/\/mpsoins.be\/?page_id=1108\",\"name\":\"Chimioth\u00e9rapie \u00e0 domicile - MP Soins\",\"isPartOf\":{\"@id\":\"https:\/\/mpsoins.be\/#website\"},\"datePublished\":\"2022-06-29T20:22:06+00:00\",\"dateModified\":\"2023-02-13T14:49:54+00:00\",\"breadcrumb\":{\"@id\":\"https:\/\/mpsoins.be\/?page_id=1108#breadcrumb\"},\"inLanguage\":\"fr-FR\",\"potentialAction\":[{\"@type\":\"ReadAction\",\"target\":[\"https:\/\/mpsoins.be\/?page_id=1108\"]}]},{\"@type\":\"BreadcrumbList\",\"@id\":\"https:\/\/mpsoins.be\/?page_id=1108#breadcrumb\",\"itemListElement\":[{\"@type\":\"ListItem\",\"position\":1,\"name\":\"Accueil\",\"item\":\"https:\/\/mpsoins.be\/\"},{\"@type\":\"ListItem\",\"position\":2,\"name\":\"Chimioth\u00e9rapie \u00e0 domicile\"}]},{\"@type\":\"WebSite\",\"@id\":\"https:\/\/mpsoins.be\/#website\",\"url\":\"https:\/\/mpsoins.be\/\",\"name\":\"MP Soins\",\"description\":\"Soins et Services \u00e0 domicile\",\"potentialAction\":[{\"@type\":\"SearchAction\",\"target\":{\"@type\":\"EntryPoint\",\"urlTemplate\":\"https:\/\/mpsoins.be\/?s={search_term_string}\"},\"query-input\":\"required name=search_term_string\"}],\"inLanguage\":\"fr-FR\"}]}<\/script>\n<!-- \/ Yoast SEO plugin. -->","yoast_head_json":{"title":"Chimioth\u00e9rapie \u00e0 domicile - MP Soins","robots":{"index":"index","follow":"follow","max-snippet":"max-snippet:-1","max-image-preview":"max-image-preview:large","max-video-preview":"max-video-preview:-1"},"canonical":"https:\/\/mpsoins.be\/?page_id=1108","og_locale":"fr_FR","og_type":"article","og_title":"Chimioth\u00e9rapie \u00e0 domicile - MP Soins","og_url":"https:\/\/mpsoins.be\/?page_id=1108","og_site_name":"MP Soins","article_modified_time":"2023-02-13T14:49:54+00:00","og_image":[{"url":"https:\/\/mpsoins.be\/wp-content\/uploads\/2022\/07\/chimiotherapie-a-domicile.jpg"}],"twitter_card":"summary_large_image","twitter_misc":{"Dur\u00e9e de lecture estim\u00e9e":"1 minute"},"schema":{"@context":"https:\/\/schema.org","@graph":[{"@type":"WebPage","@id":"https:\/\/mpsoins.be\/?page_id=1108","url":"https:\/\/mpsoins.be\/?page_id=1108","name":"Chimioth\u00e9rapie \u00e0 domicile - MP Soins","isPartOf":{"@id":"https:\/\/mpsoins.be\/#website"},"datePublished":"2022-06-29T20:22:06+00:00","dateModified":"2023-02-13T14:49:54+00:00","breadcrumb":{"@id":"https:\/\/mpsoins.be\/?page_id=1108#breadcrumb"},"inLanguage":"fr-FR","potentialAction":[{"@type":"ReadAction","target":["https:\/\/mpsoins.be\/?page_id=1108"]}]},{"@type":"BreadcrumbList","@id":"https:\/\/mpsoins.be\/?page_id=1108#breadcrumb","itemListElement":[{"@type":"ListItem","position":1,"name":"Accueil","item":"https:\/\/mpsoins.be\/"},{"@type":"ListItem","position":2,"name":"Chimioth\u00e9rapie \u00e0 domicile"}]},{"@type":"WebSite","@id":"https:\/\/mpsoins.be\/#website","url":"https:\/\/mpsoins.be\/","name":"MP Soins","description":"Soins et Services \u00e0 domicile","potentialAction":[{"@type":"SearchAction","target":{"@type":"EntryPoint","urlTemplate":"https:\/\/mpsoins.be\/?s={search_term_string}"},"query-input":"required name=search_term_string"}],"inLanguage":"fr-FR"}]}},"_links":{"self":[{"href":"https:\/\/mpsoins.be\/index.php?rest_route=\/wp\/v2\/pages\/1108"}],"collection":[{"href":"https:\/\/mpsoins.be\/index.php?rest_route=\/wp\/v2\/pages"}],"about":[{"href":"https:\/\/mpsoins.be\/index.php?rest_route=\/wp\/v2\/types\/page"}],"author":[{"embeddable":true,"href":"https:\/\/mpsoins.be\/index.php?rest_route=\/wp\/v2\/users\/1"}],"replies":[{"embeddable":true,"href":"https:\/\/mpsoins.be\/index.php?rest_route=%2Fwp%2Fv2%2Fcomments&post=1108"}],"version-history":[{"count":9,"href":"https:\/\/mpsoins.be\/index.php?rest_route=\/wp\/v2\/pages\/1108\/revisions"}],"predecessor-version":[{"id":1377,"href":"https:\/\/mpsoins.be\/index.php?rest_route=\/wp\/v2\/pages\/1108\/revisions\/1377"}],"wp:attachment":[{"href":"https:\/\/mpsoins.be\/index.php?rest_route=%2Fwp%2Fv2%2Fmedia&parent=1108"}],"curies":[{"name":"wp","href":"https:\/\/api.w.org\/{rel}","templated":true}]}}