{"id":1110,"date":"2022-06-29T22:22:29","date_gmt":"2022-06-29T20:22:29","guid":{"rendered":"https:\/\/mpsoins.be\/?page_id=1110"},"modified":"2023-02-13T15:03:25","modified_gmt":"2023-02-13T14:03:25","slug":"soins-dhygiene-2","status":"publish","type":"page","link":"https:\/\/mpsoins.be\/?page_id=1110","title":{"rendered":"Soins d&rsquo;Hygi\u00e8ne"},"content":{"rendered":"<div class=\"fusion-fullwidth fullwidth-box fusion-builder-row-1 fusion-flex-container has-pattern-background has-mask-background nonhundred-percent-fullwidth non-hundred-percent-height-scrolling\" style=\"background-color: rgba(255,255,255,0);background-position: center center;background-repeat: no-repeat;border-width: 0px 0px 0px 0px;border-color:var(--awb-color3);border-style:solid;\" ><div class=\"fusion-builder-row fusion-row fusion-flex-align-items-flex-start\" style=\"max-width:1216.8px;margin-left: calc(-4% \/ 2 );margin-right: calc(-4% \/ 2 );\"><div class=\"fusion-layout-column fusion_builder_column fusion-builder-column-0 fusion_builder_column_1_1 1_1 fusion-flex-column\"><div class=\"fusion-column-wrapper fusion-flex-justify-content-flex-start fusion-content-layout-column\" style=\"background-position:left top;background-repeat:no-repeat;-webkit-background-size:cover;-moz-background-size:cover;-o-background-size:cover;background-size:cover;padding: 0px 0px 0px 0px;\"><div class=\"fusion-text fusion-text-1\" style=\"line-height:1.4;\"><header class=\"entry-header\" aria-label=\"Contenu\">\n<h1 class=\"entry-title\">Soins d\u2019hygi\u00e8ne \u00e0 domicile<\/h1>\n<\/header>\n<div class=\"entry-content\">\n<p>MP-Soins assure sur prescription m\u00e9dicale, des prestations de soins infirmiers sous la forme de soins de bases et relationnels et\/ou des soins techniques.<\/p>\n<h3>Les soins techniques :<\/h3>\n<p>Ils comprennent tous les actes infirmiers cot\u00e9s en INAMI (actes m\u00e9dicaux-infirmiers). Ils sont r\u00e9alis\u00e9s par les infirmi\u00e8res dipl\u00f4m\u00e9es. Seuls les actes compris dans la nomenclature peuvent \u00eatre factur\u00e9s \u00e0 l&rsquo;INAMI.<\/p>\n<h3>Les soins de base :<\/h3>\n<p>Ils correspondent aux actes  r\u00e9alis\u00e9s exclusivement par des aides soignant(e)s  ou infirmier(\u00e8re)s certifi\u00e9(e)s.<\/p>\n<p>Ils sont d\u00e9finis comme des soins d\u2019entretien et de continuit\u00e9 de la vie, c\u2019est-\u00e0-dire un ensemble des \u00ab interventions qui visent \u00e0 compenser partiellement ou totalement les incapacit\u00e9s fonctionnelles, afin de maintenir les fonctions vitales et permettre de recouvrer de l\u2019autonomie \u00bb.<\/p>\n<p>Ces soins tiennent compte des habitudes de vie, des coutumes et valeurs de la personne soign\u00e9e. Ils sont le plus souvent d\u00e9sign\u00e9s par le terme de \u00ab soins d\u2019entretien de la vie \u00bb, ou nursing.<\/p>\n<p>Les soins de base comprennent, en particulier : les soins d\u2019hygi\u00e8ne, de confort, mais aussi les \u00ab interventions qui consistent \u00e0 assurer \u00e0 la personne soign\u00e9e la propret\u00e9 corporelle et \u00e0 lui procurer un environnement sain et agr\u00e9able \u00bb.<\/p>\n<p>Les soins de base sont des soins r\u00e9pondant \u00e0 une technicit\u00e9 bien pr\u00e9cise. Ceci est particuli\u00e8rement important pour la pr\u00e9vention de la survenue d\u2019escarres.<\/p>\n<p>Cette pr\u00e9vention repose en partie sur les soins locaux des divers points d\u2019appui cutan\u00e9s, mais aussi, sur une surveillance d\u2019une hydratation et d\u2019une alimentation \u00e9quilibr\u00e9e, sur la surveillance de signes cliniques alarmants (poids, tension, pouls, temp\u00e9rature), et sur la pr\u00e9vention des situations de maltraitance. C\u2019est \u00e9galement important pour la pr\u00e9vention de la douleur, notamment dans le cadre de la mobilisation et de l\u2019installation de la personne ; pour la pr\u00e9vention de la d\u00e9nutrition et de la d\u00e9shydratation permettant de pr\u00e9venir les chutes et ayant une incidence sur les facult\u00e9s cognitives ; pour la surveillance cutan\u00e9e; pour la surveillance de l\u2019\u00e9tat des pieds pour les personnes diab\u00e9tiques.<\/p>\n<p>Les aides-soignants donnent \u00e9galement des conseils (alimentation, autonomie, \u2026) et assurent les surveillances comme poids, pouls, hydratation, alimentation\u2026)<\/p>\n<\/div>\n<\/div><\/div><style type=\"text\/css\">.fusion-body .fusion-builder-column-0{width:100% !important;margin-top : 0px;margin-bottom : 30px;}.fusion-builder-column-0 > .fusion-column-wrapper {padding-top : 0px !important;padding-right : 0px !important;margin-right : 1.92%;padding-bottom : 0px !important;padding-left : 0px !important;margin-left : 1.92%;}@media only screen and (max-width:1024px) {.fusion-body .fusion-builder-column-0{width:100% !important;order : 0;}.fusion-builder-column-0 > .fusion-column-wrapper {margin-right : 1.92%;margin-left : 1.92%;}}@media only screen and (max-width:640px) {.fusion-body .fusion-builder-column-0{width:100% !important;order : 0;}.fusion-builder-column-0 > .fusion-column-wrapper {margin-right : 1.92%;margin-left : 1.92%;}}<\/style><\/div><\/div><style type=\"text\/css\">.fusion-body .fusion-flex-container.fusion-builder-row-1{ padding-top : 0px;margin-top : 0px;padding-right : 0px;padding-bottom : 0px;margin-bottom : 0px;padding-left : 0px;}<\/style><\/div>\n","protected":false},"excerpt":{"rendered":"","protected":false},"author":1,"featured_media":0,"parent":0,"menu_order":0,"comment_status":"closed","ping_status":"closed","template":"","meta":{"content-type":""},"yoast_head":"<!-- This site is optimized with the Yoast SEO plugin v19.8 - https:\/\/yoast.com\/wordpress\/plugins\/seo\/ -->\n<title>Soins d&#039;Hygi\u00e8ne - MP Soins<\/title>\n<meta name=\"robots\" content=\"index, follow, max-snippet:-1, max-image-preview:large, max-video-preview:-1\" \/>\n<link rel=\"canonical\" href=\"https:\/\/mpsoins.be\/?page_id=1110\" \/>\n<meta property=\"og:locale\" content=\"fr_FR\" \/>\n<meta property=\"og:type\" content=\"article\" \/>\n<meta property=\"og:title\" content=\"Soins d&#039;Hygi\u00e8ne - MP Soins\" \/>\n<meta property=\"og:url\" content=\"https:\/\/mpsoins.be\/?page_id=1110\" \/>\n<meta property=\"og:site_name\" content=\"MP Soins\" \/>\n<meta property=\"article:modified_time\" content=\"2023-02-13T14:03:25+00:00\" \/>\n<meta name=\"twitter:card\" content=\"summary_large_image\" \/>\n<meta name=\"twitter:label1\" content=\"Dur\u00e9e de lecture estim\u00e9e\" \/>\n\t<meta name=\"twitter:data1\" content=\"4 minutes\" \/>\n<script type=\"application\/ld+json\" class=\"yoast-schema-graph\">{\"@context\":\"https:\/\/schema.org\",\"@graph\":[{\"@type\":\"WebPage\",\"@id\":\"https:\/\/mpsoins.be\/?page_id=1110\",\"url\":\"https:\/\/mpsoins.be\/?page_id=1110\",\"name\":\"Soins d'Hygi\u00e8ne - MP Soins\",\"isPartOf\":{\"@id\":\"https:\/\/mpsoins.be\/#website\"},\"datePublished\":\"2022-06-29T20:22:29+00:00\",\"dateModified\":\"2023-02-13T14:03:25+00:00\",\"breadcrumb\":{\"@id\":\"https:\/\/mpsoins.be\/?page_id=1110#breadcrumb\"},\"inLanguage\":\"fr-FR\",\"potentialAction\":[{\"@type\":\"ReadAction\",\"target\":[\"https:\/\/mpsoins.be\/?page_id=1110\"]}]},{\"@type\":\"BreadcrumbList\",\"@id\":\"https:\/\/mpsoins.be\/?page_id=1110#breadcrumb\",\"itemListElement\":[{\"@type\":\"ListItem\",\"position\":1,\"name\":\"Accueil\",\"item\":\"https:\/\/mpsoins.be\/\"},{\"@type\":\"ListItem\",\"position\":2,\"name\":\"Soins d&rsquo;Hygi\u00e8ne\"}]},{\"@type\":\"WebSite\",\"@id\":\"https:\/\/mpsoins.be\/#website\",\"url\":\"https:\/\/mpsoins.be\/\",\"name\":\"MP Soins\",\"description\":\"Soins et Services \u00e0 domicile\",\"potentialAction\":[{\"@type\":\"SearchAction\",\"target\":{\"@type\":\"EntryPoint\",\"urlTemplate\":\"https:\/\/mpsoins.be\/?s={search_term_string}\"},\"query-input\":\"required name=search_term_string\"}],\"inLanguage\":\"fr-FR\"}]}<\/script>\n<!-- \/ Yoast SEO plugin. -->","yoast_head_json":{"title":"Soins d'Hygi\u00e8ne - MP Soins","robots":{"index":"index","follow":"follow","max-snippet":"max-snippet:-1","max-image-preview":"max-image-preview:large","max-video-preview":"max-video-preview:-1"},"canonical":"https:\/\/mpsoins.be\/?page_id=1110","og_locale":"fr_FR","og_type":"article","og_title":"Soins d'Hygi\u00e8ne - MP Soins","og_url":"https:\/\/mpsoins.be\/?page_id=1110","og_site_name":"MP Soins","article_modified_time":"2023-02-13T14:03:25+00:00","twitter_card":"summary_large_image","twitter_misc":{"Dur\u00e9e de lecture estim\u00e9e":"4 minutes"},"schema":{"@context":"https:\/\/schema.org","@graph":[{"@type":"WebPage","@id":"https:\/\/mpsoins.be\/?page_id=1110","url":"https:\/\/mpsoins.be\/?page_id=1110","name":"Soins d'Hygi\u00e8ne - MP Soins","isPartOf":{"@id":"https:\/\/mpsoins.be\/#website"},"datePublished":"2022-06-29T20:22:29+00:00","dateModified":"2023-02-13T14:03:25+00:00","breadcrumb":{"@id":"https:\/\/mpsoins.be\/?page_id=1110#breadcrumb"},"inLanguage":"fr-FR","potentialAction":[{"@type":"ReadAction","target":["https:\/\/mpsoins.be\/?page_id=1110"]}]},{"@type":"BreadcrumbList","@id":"https:\/\/mpsoins.be\/?page_id=1110#breadcrumb","itemListElement":[{"@type":"ListItem","position":1,"name":"Accueil","item":"https:\/\/mpsoins.be\/"},{"@type":"ListItem","position":2,"name":"Soins d&rsquo;Hygi\u00e8ne"}]},{"@type":"WebSite","@id":"https:\/\/mpsoins.be\/#website","url":"https:\/\/mpsoins.be\/","name":"MP Soins","description":"Soins et Services \u00e0 domicile","potentialAction":[{"@type":"SearchAction","target":{"@type":"EntryPoint","urlTemplate":"https:\/\/mpsoins.be\/?s={search_term_string}"},"query-input":"required name=search_term_string"}],"inLanguage":"fr-FR"}]}},"_links":{"self":[{"href":"https:\/\/mpsoins.be\/index.php?rest_route=\/wp\/v2\/pages\/1110"}],"collection":[{"href":"https:\/\/mpsoins.be\/index.php?rest_route=\/wp\/v2\/pages"}],"about":[{"href":"https:\/\/mpsoins.be\/index.php?rest_route=\/wp\/v2\/types\/page"}],"author":[{"embeddable":true,"href":"https:\/\/mpsoins.be\/index.php?rest_route=\/wp\/v2\/users\/1"}],"replies":[{"embeddable":true,"href":"https:\/\/mpsoins.be\/index.php?rest_route=%2Fwp%2Fv2%2Fcomments&post=1110"}],"version-history":[{"count":3,"href":"https:\/\/mpsoins.be\/index.php?rest_route=\/wp\/v2\/pages\/1110\/revisions"}],"predecessor-version":[{"id":1368,"href":"https:\/\/mpsoins.be\/index.php?rest_route=\/wp\/v2\/pages\/1110\/revisions\/1368"}],"wp:attachment":[{"href":"https:\/\/mpsoins.be\/index.php?rest_route=%2Fwp%2Fv2%2Fmedia&parent=1110"}],"curies":[{"name":"wp","href":"https:\/\/api.w.org\/{rel}","templated":true}]}}