{"id":7,"date":"2022-05-13T12:31:14","date_gmt":"2022-05-13T10:31:14","guid":{"rendered":"https:\/\/mpsoins.be\/?page_id=7"},"modified":"2022-05-30T21:10:38","modified_gmt":"2022-05-30T19:10:38","slug":"soins","status":"publish","type":"page","link":"https:\/\/mpsoins.be\/?page_id=7","title":{"rendered":"Soins"},"content":{"rendered":"\n<h2><strong>Soins d&rsquo;hygi\u00e8ne<\/strong><\/h2>\n\n\n\n<p>Vous \u00e9prouvez des difficult\u00e9s \u00e0 vous laver seul ?<\/p>\n\n\n\n<p>D\u00fb \u00e0 une difficult\u00e9 de se mouvoir.<br>A la sortie d&rsquo;une hospitalisation.<br>Personne \u00e0 mobilit\u00e9s r\u00e9duite.<br>Alitement \u00e0 votre domicile.<\/p>\n\n\n\n<p>Certains gestes n\u00e9cessaires \u00e0 l\u2019ex\u00e9cution de votre toilette sont devenus contraignants.<br>Nous vous proposons une aide \u00e0 domicile pour votre toilette quotidienne et vos autres soins d\u2019hygi\u00e8ne de fa\u00e7on permanente ou temporaire.<br>Ceci dans le confort de votre habitation.  <\/p>\n\n\n\n<p>Nous savons qu&rsquo;amener une tiers personne dans la toilette pour ce moment intime n&rsquo;est pas une t\u00e2che facile. C&rsquo;est pourquoi nous accordons la priorit\u00e9 aux relations personnelles, de confiance et veillons toujours \u00e0 aider dans le respect total de l&rsquo;humilit\u00e9 du patient.<\/p>\n\n\n\n<h2><strong>Soins palliatifs <\/strong><\/h2>\n\n\n\n<p>Des soins sur mesure et adapt\u00e9s pour l&rsquo;accompagnement de la personne en fin de vie qui \u00e0 chois de retourner \u00e0 son domicile dans un environnement familier dans le confort de son foyer et entourer de ses proches.<\/p>\n\n\n\n<p>Dans de telles situations, les soins prodigu\u00e9s par l&rsquo;infirmi\u00e8re \u00e0 domicile sont n\u00e9cessaires pour assurer l&rsquo;hygi\u00e8ne, le confort et le bien-\u00eatre. Une infirmi\u00e8re qui tient \u00e9galement la main du patient<\/p>\n\n\n\n<p>Tout d&rsquo;abord, nous contactons le m\u00e9decin pour obtenir une image compl\u00e8te de l&rsquo;\u00e9tat du patient. Nous aidons ensuite l&rsquo;entourage \u00e0 trouver l&rsquo;\u00e9quipement n\u00e9cessaire pour que la personne mourante puisse s&rsquo;installer confortablement dans son logement. Nous pouvons alors mettre en place une aide et des soins coordonn\u00e9s.<\/p>\n\n\n\n<h2><strong>Injections <\/strong><\/h2>\n\n\n\n<p><\/p>\n","protected":false},"excerpt":{"rendered":"<p>Soins d&rsquo;hygi\u00e8ne Vous \u00e9prouvez des difficult\u00e9s \u00e0 vous laver seul ? D\u00fb \u00e0 une difficult\u00e9 de se mouvoir.A la sortie d&rsquo;une hospitalisation.Personne \u00e0 mobilit\u00e9s r\u00e9duite.Alitement \u00e0 votre domicile. Certains gestes n\u00e9cessaires \u00e0 l\u2019ex\u00e9cution de votre toilette sont devenus contraignants.Nous vous proposons une aide \u00e0 domicile pour votre toilette quotidienne et vos autres soins d\u2019hygi\u00e8ne de [&hellip;]<\/p>\n","protected":false},"author":2,"featured_media":0,"parent":0,"menu_order":0,"comment_status":"closed","ping_status":"closed","template":"","meta":{"content-type":""},"yoast_head":"<!-- This site is optimized with the Yoast SEO plugin v19.8 - https:\/\/yoast.com\/wordpress\/plugins\/seo\/ -->\n<title>Soins - MP Soins<\/title>\n<meta name=\"robots\" content=\"index, follow, max-snippet:-1, max-image-preview:large, max-video-preview:-1\" \/>\n<link rel=\"canonical\" href=\"https:\/\/mpsoins.be\/?page_id=7\" \/>\n<meta property=\"og:locale\" content=\"fr_FR\" \/>\n<meta property=\"og:type\" content=\"article\" \/>\n<meta property=\"og:title\" content=\"Soins - MP Soins\" \/>\n<meta property=\"og:description\" content=\"Soins d&rsquo;hygi\u00e8ne Vous \u00e9prouvez des difficult\u00e9s \u00e0 vous laver seul ? D\u00fb \u00e0 une difficult\u00e9 de se mouvoir.A la sortie d&rsquo;une hospitalisation.Personne \u00e0 mobilit\u00e9s r\u00e9duite.Alitement \u00e0 votre domicile. Certains gestes n\u00e9cessaires \u00e0 l\u2019ex\u00e9cution de votre toilette sont devenus contraignants.Nous vous proposons une aide \u00e0 domicile pour votre toilette quotidienne et vos autres soins d\u2019hygi\u00e8ne de [&hellip;]\" \/>\n<meta property=\"og:url\" content=\"https:\/\/mpsoins.be\/?page_id=7\" \/>\n<meta property=\"og:site_name\" content=\"MP Soins\" \/>\n<meta property=\"article:modified_time\" content=\"2022-05-30T19:10:38+00:00\" \/>\n<meta name=\"twitter:card\" content=\"summary_large_image\" \/>\n<meta name=\"twitter:label1\" content=\"Dur\u00e9e de lecture estim\u00e9e\" \/>\n\t<meta name=\"twitter:data1\" content=\"1 minute\" \/>\n<script type=\"application\/ld+json\" class=\"yoast-schema-graph\">{\"@context\":\"https:\/\/schema.org\",\"@graph\":[{\"@type\":\"WebPage\",\"@id\":\"https:\/\/mpsoins.be\/?page_id=7\",\"url\":\"https:\/\/mpsoins.be\/?page_id=7\",\"name\":\"Soins - MP Soins\",\"isPartOf\":{\"@id\":\"https:\/\/mpsoins.be\/#website\"},\"datePublished\":\"2022-05-13T10:31:14+00:00\",\"dateModified\":\"2022-05-30T19:10:38+00:00\",\"breadcrumb\":{\"@id\":\"https:\/\/mpsoins.be\/?page_id=7#breadcrumb\"},\"inLanguage\":\"fr-FR\",\"potentialAction\":[{\"@type\":\"ReadAction\",\"target\":[\"https:\/\/mpsoins.be\/?page_id=7\"]}]},{\"@type\":\"BreadcrumbList\",\"@id\":\"https:\/\/mpsoins.be\/?page_id=7#breadcrumb\",\"itemListElement\":[{\"@type\":\"ListItem\",\"position\":1,\"name\":\"Accueil\",\"item\":\"https:\/\/mpsoins.be\/\"},{\"@type\":\"ListItem\",\"position\":2,\"name\":\"Soins\"}]},{\"@type\":\"WebSite\",\"@id\":\"https:\/\/mpsoins.be\/#website\",\"url\":\"https:\/\/mpsoins.be\/\",\"name\":\"MP Soins\",\"description\":\"Soins et Services \u00e0 domicile\",\"potentialAction\":[{\"@type\":\"SearchAction\",\"target\":{\"@type\":\"EntryPoint\",\"urlTemplate\":\"https:\/\/mpsoins.be\/?s={search_term_string}\"},\"query-input\":\"required name=search_term_string\"}],\"inLanguage\":\"fr-FR\"}]}<\/script>\n<!-- \/ Yoast SEO plugin. -->","yoast_head_json":{"title":"Soins - MP Soins","robots":{"index":"index","follow":"follow","max-snippet":"max-snippet:-1","max-image-preview":"max-image-preview:large","max-video-preview":"max-video-preview:-1"},"canonical":"https:\/\/mpsoins.be\/?page_id=7","og_locale":"fr_FR","og_type":"article","og_title":"Soins - MP Soins","og_description":"Soins d&rsquo;hygi\u00e8ne Vous \u00e9prouvez des difficult\u00e9s \u00e0 vous laver seul ? D\u00fb \u00e0 une difficult\u00e9 de se mouvoir.A la sortie d&rsquo;une hospitalisation.Personne \u00e0 mobilit\u00e9s r\u00e9duite.Alitement \u00e0 votre domicile. Certains gestes n\u00e9cessaires \u00e0 l\u2019ex\u00e9cution de votre toilette sont devenus contraignants.Nous vous proposons une aide \u00e0 domicile pour votre toilette quotidienne et vos autres soins d\u2019hygi\u00e8ne de [&hellip;]","og_url":"https:\/\/mpsoins.be\/?page_id=7","og_site_name":"MP Soins","article_modified_time":"2022-05-30T19:10:38+00:00","twitter_card":"summary_large_image","twitter_misc":{"Dur\u00e9e de lecture estim\u00e9e":"1 minute"},"schema":{"@context":"https:\/\/schema.org","@graph":[{"@type":"WebPage","@id":"https:\/\/mpsoins.be\/?page_id=7","url":"https:\/\/mpsoins.be\/?page_id=7","name":"Soins - MP Soins","isPartOf":{"@id":"https:\/\/mpsoins.be\/#website"},"datePublished":"2022-05-13T10:31:14+00:00","dateModified":"2022-05-30T19:10:38+00:00","breadcrumb":{"@id":"https:\/\/mpsoins.be\/?page_id=7#breadcrumb"},"inLanguage":"fr-FR","potentialAction":[{"@type":"ReadAction","target":["https:\/\/mpsoins.be\/?page_id=7"]}]},{"@type":"BreadcrumbList","@id":"https:\/\/mpsoins.be\/?page_id=7#breadcrumb","itemListElement":[{"@type":"ListItem","position":1,"name":"Accueil","item":"https:\/\/mpsoins.be\/"},{"@type":"ListItem","position":2,"name":"Soins"}]},{"@type":"WebSite","@id":"https:\/\/mpsoins.be\/#website","url":"https:\/\/mpsoins.be\/","name":"MP Soins","description":"Soins et Services \u00e0 domicile","potentialAction":[{"@type":"SearchAction","target":{"@type":"EntryPoint","urlTemplate":"https:\/\/mpsoins.be\/?s={search_term_string}"},"query-input":"required name=search_term_string"}],"inLanguage":"fr-FR"}]}},"_links":{"self":[{"href":"https:\/\/mpsoins.be\/index.php?rest_route=\/wp\/v2\/pages\/7"}],"collection":[{"href":"https:\/\/mpsoins.be\/index.php?rest_route=\/wp\/v2\/pages"}],"about":[{"href":"https:\/\/mpsoins.be\/index.php?rest_route=\/wp\/v2\/types\/page"}],"author":[{"embeddable":true,"href":"https:\/\/mpsoins.be\/index.php?rest_route=\/wp\/v2\/users\/2"}],"replies":[{"embeddable":true,"href":"https:\/\/mpsoins.be\/index.php?rest_route=%2Fwp%2Fv2%2Fcomments&post=7"}],"version-history":[{"count":4,"href":"https:\/\/mpsoins.be\/index.php?rest_route=\/wp\/v2\/pages\/7\/revisions"}],"predecessor-version":[{"id":35,"href":"https:\/\/mpsoins.be\/index.php?rest_route=\/wp\/v2\/pages\/7\/revisions\/35"}],"wp:attachment":[{"href":"https:\/\/mpsoins.be\/index.php?rest_route=%2Fwp%2Fv2%2Fmedia&parent=7"}],"curies":[{"name":"wp","href":"https:\/\/api.w.org\/{rel}","templated":true}]}}